{"id":555,"date":"2009-04-13T00:45:51","date_gmt":"2009-04-12T22:45:51","guid":{"rendered":"http:\/\/www.assouad.com\/nathan\/?page_id=2"},"modified":"2009-04-13T00:45:51","modified_gmt":"2009-04-12T22:45:51","slug":"a-propos","status":"publish","type":"page","link":"https:\/\/nathan.assouad.com\/?page_id=555","title":{"rendered":"\u00c0 propos"},"content":{"rendered":"<p>La naissance de Nathan est pr\u00e9vue le 26 avril 2009. Il peut maintenant nous surprendre \u00e0 tout moment.<\/p>\n","protected":false},"excerpt":{"rendered":"<p>La naissance de Nathan est pr\u00e9vue le 26 avril 2009. Il peut maintenant nous surprendre \u00e0 tout moment.<\/p>\n","protected":false},"author":1,"featured_media":0,"parent":0,"menu_order":0,"comment_status":"open","ping_status":"open","template":"","meta":{"footnotes":""},"class_list":["post-555","page","type-page","status-publish","hentry"],"_links":{"self":[{"href":"https:\/\/nathan.assouad.com\/index.php?rest_route=\/wp\/v2\/pages\/555","targetHints":{"allow":["GET"]}}],"collection":[{"href":"https:\/\/nathan.assouad.com\/index.php?rest_route=\/wp\/v2\/pages"}],"about":[{"href":"https:\/\/nathan.assouad.com\/index.php?rest_route=\/wp\/v2\/types\/page"}],"author":[{"embeddable":true,"href":"https:\/\/nathan.assouad.com\/index.php?rest_route=\/wp\/v2\/users\/1"}],"replies":[{"embeddable":true,"href":"https:\/\/nathan.assouad.com\/index.php?rest_route=%2Fwp%2Fv2%2Fcomments&post=555"}],"version-history":[{"count":0,"href":"https:\/\/nathan.assouad.com\/index.php?rest_route=\/wp\/v2\/pages\/555\/revisions"}],"wp:attachment":[{"href":"https:\/\/nathan.assouad.com\/index.php?rest_route=%2Fwp%2Fv2%2Fmedia&parent=555"}],"curies":[{"name":"wp","href":"https:\/\/api.w.org\/{rel}","templated":true}]}}